{"id":34219,"date":"2025-02-06T10:22:52","date_gmt":"2024-11-08T20:11:56","guid":{"rendered":"https:\/\/www.meyhui.be\/product\/aumm-assiettes-a-pizza-31cm-ciao-bella\/"},"modified":"2026-01-19T14:33:54","modified_gmt":"2026-01-19T14:33:54","slug":"rose-tulipani-aumm-assiettes-a-pizza-31cm-ciao-bella","status":"publish","type":"product","link":"https:\/\/www.meyhui.be\/fr\/produit\/rose-tulipani-aumm-assiettes-a-pizza-31cm-ciao-bella\/","title":{"rendered":"Rose &amp; Tulipani Aumm Assiettes \u00e0 pizza 31cm &#8216;Ciao Bella&#8217;"},"content":{"rendered":"","protected":false},"excerpt":{"rendered":"","protected":false},"featured_media":37333,"comment_status":"closed","ping_status":"open","template":"","meta":[],"product_brand":[],"product_cat":[2399,2656],"product_tag":[],"class_list":{"0":"post-34219","1":"product","2":"type-product","3":"status-publish","4":"has-post-thumbnail","6":"product_cat-idees-cadeaux","7":"product_cat-porcelaine-fr","8":"pa_brand-rose-tulipani-fr","10":"first","11":"instock","12":"taxable","13":"shipping-taxable","14":"purchasable","15":"product-type-simple"},"yoast_head":"<!-- This site is optimized with the Yoast SEO plugin v24.1 - https:\/\/yoast.com\/wordpress\/plugins\/seo\/ -->\n<title>Rose &amp; Tulipani Aumm Assiettes \u00e0 pizza 31cm &#8216;Ciao Bella&#8217; - Home &amp; Table Webshop<\/title>\n<meta name=\"robots\" content=\"index, follow, max-snippet:-1, max-image-preview:large, max-video-preview:-1\" \/>\n<link rel=\"canonical\" href=\"https:\/\/www.meyhui.be\/fr\/produit\/rose-tulipani-aumm-assiettes-a-pizza-31cm-ciao-bella\/\" \/>\n<meta property=\"og:locale\" content=\"fr_FR\" \/>\n<meta property=\"og:type\" content=\"article\" \/>\n<meta property=\"og:title\" content=\"Rose &amp; Tulipani Aumm Assiettes \u00e0 pizza 31cm &#8216;Ciao Bella&#8217; - Home &amp; Table Webshop\" \/>\n<meta property=\"og:url\" content=\"https:\/\/www.meyhui.be\/fr\/produit\/rose-tulipani-aumm-assiettes-a-pizza-31cm-ciao-bella\/\" \/>\n<meta property=\"og:site_name\" content=\"Home &amp; Table Webshop\" \/>\n<meta property=\"article:publisher\" content=\"https:\/\/www.facebook.com\/homeandtablebymeyhui\" \/>\n<meta property=\"article:modified_time\" content=\"2026-01-19T14:33:54+00:00\" \/>\n<meta property=\"og:image\" content=\"https:\/\/www.meyhui.be\/wp-content\/uploads\/2024\/12\/2841111733.jpg\" \/>\n\t<meta property=\"og:image:width\" content=\"1600\" \/>\n\t<meta property=\"og:image:height\" content=\"1440\" \/>\n\t<meta property=\"og:image:type\" content=\"image\/jpeg\" \/>\n<meta name=\"twitter:card\" content=\"summary_large_image\" \/>\n<meta name=\"twitter:label1\" content=\"Dur\u00e9e de lecture estim\u00e9e\" \/>\n\t<meta name=\"twitter:data1\" content=\"1 minute\" \/>\n<script type=\"application\/ld+json\" class=\"yoast-schema-graph\">{\"@context\":\"https:\/\/schema.org\",\"@graph\":[{\"@type\":\"WebPage\",\"@id\":\"https:\/\/www.meyhui.be\/fr\/produit\/rose-tulipani-aumm-assiettes-a-pizza-31cm-ciao-bella\/\",\"url\":\"https:\/\/www.meyhui.be\/fr\/produit\/rose-tulipani-aumm-assiettes-a-pizza-31cm-ciao-bella\/\",\"name\":\"Rose &amp; Tulipani Aumm Assiettes \u00e0 pizza 31cm &#8216;Ciao Bella&#8217; - Home &amp; Table Webshop\",\"isPartOf\":{\"@id\":\"https:\/\/www.meyhui.be\/#website\"},\"primaryImageOfPage\":{\"@id\":\"https:\/\/www.meyhui.be\/fr\/produit\/rose-tulipani-aumm-assiettes-a-pizza-31cm-ciao-bella\/#primaryimage\"},\"image\":{\"@id\":\"https:\/\/www.meyhui.be\/fr\/produit\/rose-tulipani-aumm-assiettes-a-pizza-31cm-ciao-bella\/#primaryimage\"},\"thumbnailUrl\":\"https:\/\/www.meyhui.be\/wp-content\/uploads\/2024\/12\/2841111733.jpg\",\"datePublished\":\"2024-11-08T20:11:56+00:00\",\"dateModified\":\"2026-01-19T14:33:54+00:00\",\"breadcrumb\":{\"@id\":\"https:\/\/www.meyhui.be\/fr\/produit\/rose-tulipani-aumm-assiettes-a-pizza-31cm-ciao-bella\/#breadcrumb\"},\"inLanguage\":\"fr-FR\",\"potentialAction\":[{\"@type\":\"ReadAction\",\"target\":[\"https:\/\/www.meyhui.be\/fr\/produit\/rose-tulipani-aumm-assiettes-a-pizza-31cm-ciao-bella\/\"]}]},{\"@type\":\"ImageObject\",\"inLanguage\":\"fr-FR\",\"@id\":\"https:\/\/www.meyhui.be\/fr\/produit\/rose-tulipani-aumm-assiettes-a-pizza-31cm-ciao-bella\/#primaryimage\",\"url\":\"https:\/\/www.meyhui.be\/wp-content\/uploads\/2024\/12\/2841111733.jpg\",\"contentUrl\":\"https:\/\/www.meyhui.be\/wp-content\/uploads\/2024\/12\/2841111733.jpg\",\"width\":1600,\"height\":1440},{\"@type\":\"BreadcrumbList\",\"@id\":\"https:\/\/www.meyhui.be\/fr\/produit\/rose-tulipani-aumm-assiettes-a-pizza-31cm-ciao-bella\/#breadcrumb\",\"itemListElement\":[{\"@type\":\"ListItem\",\"position\":1,\"name\":\"Home\",\"item\":\"https:\/\/www.meyhui.be\/fr\/\"},{\"@type\":\"ListItem\",\"position\":2,\"name\":\"Boutique\",\"item\":\"https:\/\/www.meyhui.be\/fr\/boutique\/\"},{\"@type\":\"ListItem\",\"position\":3,\"name\":\"Rose &amp; Tulipani Aumm Assiettes \u00e0 pizza 31cm &#8216;Ciao Bella&#8217;\"}]},{\"@type\":\"WebSite\",\"@id\":\"https:\/\/www.meyhui.be\/#website\",\"url\":\"https:\/\/www.meyhui.be\/\",\"name\":\"HOME & TABLE\",\"description\":\"Le sp\u00e9cialiste de la table, de l'int\u00e9rieur et du cadeau id\u00e9al.\",\"publisher\":{\"@id\":\"https:\/\/www.meyhui.be\/#organization\"},\"potentialAction\":[{\"@type\":\"SearchAction\",\"target\":{\"@type\":\"EntryPoint\",\"urlTemplate\":\"https:\/\/www.meyhui.be\/?s={search_term_string}\"},\"query-input\":{\"@type\":\"PropertyValueSpecification\",\"valueRequired\":true,\"valueName\":\"search_term_string\"}}],\"inLanguage\":\"fr-FR\"},{\"@type\":\"Organization\",\"@id\":\"https:\/\/www.meyhui.be\/#organization\",\"name\":\"HOME & TABLE\",\"url\":\"https:\/\/www.meyhui.be\/\",\"logo\":{\"@type\":\"ImageObject\",\"inLanguage\":\"fr-FR\",\"@id\":\"https:\/\/www.meyhui.be\/#\/schema\/logo\/image\/\",\"url\":\"https:\/\/www.meyhui.be\/wp-content\/uploads\/2021\/11\/cropped-homeandtable_logo_new.png\",\"contentUrl\":\"https:\/\/www.meyhui.be\/wp-content\/uploads\/2021\/11\/cropped-homeandtable_logo_new.png\",\"width\":512,\"height\":512,\"caption\":\"HOME & TABLE\"},\"image\":{\"@id\":\"https:\/\/www.meyhui.be\/#\/schema\/logo\/image\/\"},\"sameAs\":[\"https:\/\/www.facebook.com\/homeandtablebymeyhui\",\"https:\/\/www.instagram.com\/homeandtable.be\"]}]}<\/script>\n<!-- \/ Yoast SEO plugin. -->","yoast_head_json":{"title":"Rose &amp; Tulipani Aumm Assiettes \u00e0 pizza 31cm &#8216;Ciao Bella&#8217; - Home &amp; Table Webshop","robots":{"index":"index","follow":"follow","max-snippet":"max-snippet:-1","max-image-preview":"max-image-preview:large","max-video-preview":"max-video-preview:-1"},"canonical":"https:\/\/www.meyhui.be\/fr\/produit\/rose-tulipani-aumm-assiettes-a-pizza-31cm-ciao-bella\/","og_locale":"fr_FR","og_type":"article","og_title":"Rose &amp; Tulipani Aumm Assiettes \u00e0 pizza 31cm &#8216;Ciao Bella&#8217; - Home &amp; Table Webshop","og_url":"https:\/\/www.meyhui.be\/fr\/produit\/rose-tulipani-aumm-assiettes-a-pizza-31cm-ciao-bella\/","og_site_name":"Home &amp; Table Webshop","article_publisher":"https:\/\/www.facebook.com\/homeandtablebymeyhui","article_modified_time":"2026-01-19T14:33:54+00:00","og_image":[{"width":1600,"height":1440,"url":"https:\/\/www.meyhui.be\/wp-content\/uploads\/2024\/12\/2841111733.jpg","type":"image\/jpeg"}],"twitter_card":"summary_large_image","twitter_misc":{"Dur\u00e9e de lecture estim\u00e9e":"1 minute"},"schema":{"@context":"https:\/\/schema.org","@graph":[{"@type":"WebPage","@id":"https:\/\/www.meyhui.be\/fr\/produit\/rose-tulipani-aumm-assiettes-a-pizza-31cm-ciao-bella\/","url":"https:\/\/www.meyhui.be\/fr\/produit\/rose-tulipani-aumm-assiettes-a-pizza-31cm-ciao-bella\/","name":"Rose &amp; Tulipani Aumm Assiettes \u00e0 pizza 31cm &#8216;Ciao Bella&#8217; - Home &amp; Table Webshop","isPartOf":{"@id":"https:\/\/www.meyhui.be\/#website"},"primaryImageOfPage":{"@id":"https:\/\/www.meyhui.be\/fr\/produit\/rose-tulipani-aumm-assiettes-a-pizza-31cm-ciao-bella\/#primaryimage"},"image":{"@id":"https:\/\/www.meyhui.be\/fr\/produit\/rose-tulipani-aumm-assiettes-a-pizza-31cm-ciao-bella\/#primaryimage"},"thumbnailUrl":"https:\/\/www.meyhui.be\/wp-content\/uploads\/2024\/12\/2841111733.jpg","datePublished":"2024-11-08T20:11:56+00:00","dateModified":"2026-01-19T14:33:54+00:00","breadcrumb":{"@id":"https:\/\/www.meyhui.be\/fr\/produit\/rose-tulipani-aumm-assiettes-a-pizza-31cm-ciao-bella\/#breadcrumb"},"inLanguage":"fr-FR","potentialAction":[{"@type":"ReadAction","target":["https:\/\/www.meyhui.be\/fr\/produit\/rose-tulipani-aumm-assiettes-a-pizza-31cm-ciao-bella\/"]}]},{"@type":"ImageObject","inLanguage":"fr-FR","@id":"https:\/\/www.meyhui.be\/fr\/produit\/rose-tulipani-aumm-assiettes-a-pizza-31cm-ciao-bella\/#primaryimage","url":"https:\/\/www.meyhui.be\/wp-content\/uploads\/2024\/12\/2841111733.jpg","contentUrl":"https:\/\/www.meyhui.be\/wp-content\/uploads\/2024\/12\/2841111733.jpg","width":1600,"height":1440},{"@type":"BreadcrumbList","@id":"https:\/\/www.meyhui.be\/fr\/produit\/rose-tulipani-aumm-assiettes-a-pizza-31cm-ciao-bella\/#breadcrumb","itemListElement":[{"@type":"ListItem","position":1,"name":"Home","item":"https:\/\/www.meyhui.be\/fr\/"},{"@type":"ListItem","position":2,"name":"Boutique","item":"https:\/\/www.meyhui.be\/fr\/boutique\/"},{"@type":"ListItem","position":3,"name":"Rose &amp; Tulipani Aumm Assiettes \u00e0 pizza 31cm &#8216;Ciao Bella&#8217;"}]},{"@type":"WebSite","@id":"https:\/\/www.meyhui.be\/#website","url":"https:\/\/www.meyhui.be\/","name":"HOME & TABLE","description":"Le sp\u00e9cialiste de la table, de l'int\u00e9rieur et du cadeau id\u00e9al.","publisher":{"@id":"https:\/\/www.meyhui.be\/#organization"},"potentialAction":[{"@type":"SearchAction","target":{"@type":"EntryPoint","urlTemplate":"https:\/\/www.meyhui.be\/?s={search_term_string}"},"query-input":{"@type":"PropertyValueSpecification","valueRequired":true,"valueName":"search_term_string"}}],"inLanguage":"fr-FR"},{"@type":"Organization","@id":"https:\/\/www.meyhui.be\/#organization","name":"HOME & TABLE","url":"https:\/\/www.meyhui.be\/","logo":{"@type":"ImageObject","inLanguage":"fr-FR","@id":"https:\/\/www.meyhui.be\/#\/schema\/logo\/image\/","url":"https:\/\/www.meyhui.be\/wp-content\/uploads\/2021\/11\/cropped-homeandtable_logo_new.png","contentUrl":"https:\/\/www.meyhui.be\/wp-content\/uploads\/2021\/11\/cropped-homeandtable_logo_new.png","width":512,"height":512,"caption":"HOME & TABLE"},"image":{"@id":"https:\/\/www.meyhui.be\/#\/schema\/logo\/image\/"},"sameAs":["https:\/\/www.facebook.com\/homeandtablebymeyhui","https:\/\/www.instagram.com\/homeandtable.be"]}]}},"jetpack_sharing_enabled":true,"_links":{"self":[{"href":"https:\/\/www.meyhui.be\/fr\/wp-json\/wp\/v2\/product\/34219","targetHints":{"allow":["GET"]}}],"collection":[{"href":"https:\/\/www.meyhui.be\/fr\/wp-json\/wp\/v2\/product"}],"about":[{"href":"https:\/\/www.meyhui.be\/fr\/wp-json\/wp\/v2\/types\/product"}],"replies":[{"embeddable":true,"href":"https:\/\/www.meyhui.be\/fr\/wp-json\/wp\/v2\/comments?post=34219"}],"wp:featuredmedia":[{"embeddable":true,"href":"https:\/\/www.meyhui.be\/fr\/wp-json\/wp\/v2\/media\/37333"}],"wp:attachment":[{"href":"https:\/\/www.meyhui.be\/fr\/wp-json\/wp\/v2\/media?parent=34219"}],"wp:term":[{"taxonomy":"product_brand","embeddable":true,"href":"https:\/\/www.meyhui.be\/fr\/wp-json\/wp\/v2\/product_brand?post=34219"},{"taxonomy":"product_cat","embeddable":true,"href":"https:\/\/www.meyhui.be\/fr\/wp-json\/wp\/v2\/product_cat?post=34219"},{"taxonomy":"product_tag","embeddable":true,"href":"https:\/\/www.meyhui.be\/fr\/wp-json\/wp\/v2\/product_tag?post=34219"}],"curies":[{"name":"wp","href":"https:\/\/api.w.org\/{rel}","templated":true}]}}