{"id":24920,"date":"2025-02-06T10:17:56","date_gmt":"2024-05-21T16:00:13","guid":{"rendered":"https:\/\/www.meyhui.be\/product\/zwiesel-glas-handmade-enoteca-set-2-verre-rioja-1\/"},"modified":"2026-01-19T15:37:41","modified_gmt":"2026-01-19T15:37:41","slug":"zwiesel-glas-handmade-enoteca-set-2-verre-rioja-1","status":"publish","type":"product","link":"https:\/\/www.meyhui.be\/fr\/produit\/zwiesel-glas-handmade-enoteca-set-2-verre-rioja-1\/","title":{"rendered":"Zwiesel Glas \u2013 Handmade Enoteca Set 2 Verre Rioja 1"},"content":{"rendered":"","protected":false},"excerpt":{"rendered":"<p>Rehaussez votre exp\u00e9rience de d\u00e9gustation avec notre s\u00e9rie Enoteca, con\u00e7ue pour les amateurs de vin et les buveurs occasionnels. Chaque pi\u00e8ce de la s\u00e9rie Enoteca, fabriqu\u00e9e \u00e0 partir de verre souffl\u00e9 \u00e0 la bouche de haute qualit\u00e9, allie durabilit\u00e9 et esth\u00e9tique luxueuse, les rendant parfaites pour une utilisation quotidienne ou des occasions sp\u00e9ciales. Am\u00e9liorez votre verrerie avec Zwiesel 1872 Enoteca, o\u00f9 fonctionnalit\u00e9 rencontre \u00e9l\u00e9gance.<\/p>\n","protected":false},"featured_media":36331,"comment_status":"closed","ping_status":"open","template":"","meta":[],"product_brand":[],"product_cat":[3015,2399,3486],"product_tag":[],"class_list":{"0":"post-24920","1":"product","2":"type-product","3":"status-publish","4":"has-post-thumbnail","6":"product_cat-verre","7":"product_cat-idees-cadeaux","8":"product_cat-verre-a-vin","9":"pa_brand-zwiesel-glas-handmade-2","11":"first","12":"outofstock","13":"taxable","14":"shipping-taxable","15":"purchasable","16":"product-type-simple"},"yoast_head":"<!-- This site is optimized with the Yoast SEO plugin v24.1 - https:\/\/yoast.com\/wordpress\/plugins\/seo\/ -->\n<title>Zwiesel Glas \u2013 Handmade Enoteca Set 2 Verre Rioja 1 - Home &amp; Table Webshop<\/title>\n<meta name=\"description\" content=\"Rehaussez votre exp\u00e9rience de d\u00e9gustation avec notre s\u00e9rie Enoteca, con\u00e7ue pour les amateurs de vin et les buveurs occasionnels. Chaque pi\u00e8ce de la s\u00e9rie Enoteca, fabriqu\u00e9e \u00e0 partir de verre souffl\u00e9 \u00e0 la bouche de haute qualit\u00e9, allie durabilit\u00e9 et esth\u00e9tique luxueuse, les rendant parfaites pour une utilisation quotidienne ou des occasions sp\u00e9ciales. Am\u00e9liorez votre verrerie avec Zwiesel 1872 Enoteca, o\u00f9 fonctionnalit\u00e9 rencontre \u00e9l\u00e9gance.\" \/>\n<meta name=\"robots\" content=\"index, follow, max-snippet:-1, max-image-preview:large, max-video-preview:-1\" \/>\n<link rel=\"canonical\" href=\"https:\/\/www.meyhui.be\/fr\/produit\/zwiesel-glas-handmade-enoteca-set-2-verre-rioja-1\/\" \/>\n<meta property=\"og:locale\" content=\"fr_FR\" \/>\n<meta property=\"og:type\" content=\"article\" \/>\n<meta property=\"og:title\" content=\"Zwiesel Glas \u2013 Handmade Enoteca Set 2 Verre Rioja 1 - Home &amp; Table Webshop\" \/>\n<meta property=\"og:description\" content=\"Rehaussez votre exp\u00e9rience de d\u00e9gustation avec notre s\u00e9rie Enoteca, con\u00e7ue pour les amateurs de vin et les buveurs occasionnels. Chaque pi\u00e8ce de la s\u00e9rie Enoteca, fabriqu\u00e9e \u00e0 partir de verre souffl\u00e9 \u00e0 la bouche de haute qualit\u00e9, allie durabilit\u00e9 et esth\u00e9tique luxueuse, les rendant parfaites pour une utilisation quotidienne ou des occasions sp\u00e9ciales. Am\u00e9liorez votre verrerie avec Zwiesel 1872 Enoteca, o\u00f9 fonctionnalit\u00e9 rencontre \u00e9l\u00e9gance.\" \/>\n<meta property=\"og:url\" content=\"https:\/\/www.meyhui.be\/fr\/produit\/zwiesel-glas-handmade-enoteca-set-2-verre-rioja-1\/\" \/>\n<meta property=\"og:site_name\" content=\"Home &amp; Table Webshop\" \/>\n<meta property=\"article:publisher\" content=\"https:\/\/www.facebook.com\/homeandtablebymeyhui\" \/>\n<meta property=\"article:modified_time\" content=\"2026-01-19T15:37:41+00:00\" \/>\n<meta property=\"og:image\" content=\"https:\/\/www.meyhui.be\/wp-content\/uploads\/2024\/12\/2550101000.jpg\" \/>\n\t<meta property=\"og:image:width\" content=\"787\" \/>\n\t<meta property=\"og:image:height\" content=\"1181\" \/>\n\t<meta property=\"og:image:type\" content=\"image\/jpeg\" \/>\n<meta name=\"twitter:card\" content=\"summary_large_image\" \/>\n<script type=\"application\/ld+json\" class=\"yoast-schema-graph\">{\"@context\":\"https:\/\/schema.org\",\"@graph\":[{\"@type\":\"WebPage\",\"@id\":\"https:\/\/www.meyhui.be\/fr\/produit\/zwiesel-glas-handmade-enoteca-set-2-verre-rioja-1\/\",\"url\":\"https:\/\/www.meyhui.be\/fr\/produit\/zwiesel-glas-handmade-enoteca-set-2-verre-rioja-1\/\",\"name\":\"Zwiesel Glas \u2013 Handmade Enoteca Set 2 Verre Rioja 1 - Home &amp; Table Webshop\",\"isPartOf\":{\"@id\":\"https:\/\/www.meyhui.be\/#website\"},\"primaryImageOfPage\":{\"@id\":\"https:\/\/www.meyhui.be\/fr\/produit\/zwiesel-glas-handmade-enoteca-set-2-verre-rioja-1\/#primaryimage\"},\"image\":{\"@id\":\"https:\/\/www.meyhui.be\/fr\/produit\/zwiesel-glas-handmade-enoteca-set-2-verre-rioja-1\/#primaryimage\"},\"thumbnailUrl\":\"https:\/\/www.meyhui.be\/wp-content\/uploads\/2024\/12\/2550101000.jpg\",\"datePublished\":\"2024-05-21T16:00:13+00:00\",\"dateModified\":\"2026-01-19T15:37:41+00:00\",\"description\":\"Rehaussez votre exp\u00e9rience de d\u00e9gustation avec notre s\u00e9rie Enoteca, con\u00e7ue pour les amateurs de vin et les buveurs occasionnels. Chaque pi\u00e8ce de la s\u00e9rie Enoteca, fabriqu\u00e9e \u00e0 partir de verre souffl\u00e9 \u00e0 la bouche de haute qualit\u00e9, allie durabilit\u00e9 et esth\u00e9tique luxueuse, les rendant parfaites pour une utilisation quotidienne ou des occasions sp\u00e9ciales. Am\u00e9liorez votre verrerie avec Zwiesel 1872 Enoteca, o\u00f9 fonctionnalit\u00e9 rencontre \u00e9l\u00e9gance.\",\"breadcrumb\":{\"@id\":\"https:\/\/www.meyhui.be\/fr\/produit\/zwiesel-glas-handmade-enoteca-set-2-verre-rioja-1\/#breadcrumb\"},\"inLanguage\":\"fr-FR\",\"potentialAction\":[{\"@type\":\"ReadAction\",\"target\":[\"https:\/\/www.meyhui.be\/fr\/produit\/zwiesel-glas-handmade-enoteca-set-2-verre-rioja-1\/\"]}]},{\"@type\":\"ImageObject\",\"inLanguage\":\"fr-FR\",\"@id\":\"https:\/\/www.meyhui.be\/fr\/produit\/zwiesel-glas-handmade-enoteca-set-2-verre-rioja-1\/#primaryimage\",\"url\":\"https:\/\/www.meyhui.be\/wp-content\/uploads\/2024\/12\/2550101000.jpg\",\"contentUrl\":\"https:\/\/www.meyhui.be\/wp-content\/uploads\/2024\/12\/2550101000.jpg\",\"width\":787,\"height\":1181},{\"@type\":\"BreadcrumbList\",\"@id\":\"https:\/\/www.meyhui.be\/fr\/produit\/zwiesel-glas-handmade-enoteca-set-2-verre-rioja-1\/#breadcrumb\",\"itemListElement\":[{\"@type\":\"ListItem\",\"position\":1,\"name\":\"Home\",\"item\":\"https:\/\/www.meyhui.be\/fr\/\"},{\"@type\":\"ListItem\",\"position\":2,\"name\":\"Boutique\",\"item\":\"https:\/\/www.meyhui.be\/fr\/boutique\/\"},{\"@type\":\"ListItem\",\"position\":3,\"name\":\"Zwiesel Glas \u2013 Handmade Enoteca Set 2 Verre Rioja 1\"}]},{\"@type\":\"WebSite\",\"@id\":\"https:\/\/www.meyhui.be\/#website\",\"url\":\"https:\/\/www.meyhui.be\/\",\"name\":\"HOME & TABLE\",\"description\":\"Le sp\u00e9cialiste de la table, de l'int\u00e9rieur et du cadeau id\u00e9al.\",\"publisher\":{\"@id\":\"https:\/\/www.meyhui.be\/#organization\"},\"potentialAction\":[{\"@type\":\"SearchAction\",\"target\":{\"@type\":\"EntryPoint\",\"urlTemplate\":\"https:\/\/www.meyhui.be\/?s={search_term_string}\"},\"query-input\":{\"@type\":\"PropertyValueSpecification\",\"valueRequired\":true,\"valueName\":\"search_term_string\"}}],\"inLanguage\":\"fr-FR\"},{\"@type\":\"Organization\",\"@id\":\"https:\/\/www.meyhui.be\/#organization\",\"name\":\"HOME & TABLE\",\"url\":\"https:\/\/www.meyhui.be\/\",\"logo\":{\"@type\":\"ImageObject\",\"inLanguage\":\"fr-FR\",\"@id\":\"https:\/\/www.meyhui.be\/#\/schema\/logo\/image\/\",\"url\":\"https:\/\/www.meyhui.be\/wp-content\/uploads\/2021\/11\/cropped-homeandtable_logo_new.png\",\"contentUrl\":\"https:\/\/www.meyhui.be\/wp-content\/uploads\/2021\/11\/cropped-homeandtable_logo_new.png\",\"width\":512,\"height\":512,\"caption\":\"HOME & TABLE\"},\"image\":{\"@id\":\"https:\/\/www.meyhui.be\/#\/schema\/logo\/image\/\"},\"sameAs\":[\"https:\/\/www.facebook.com\/homeandtablebymeyhui\",\"https:\/\/www.instagram.com\/homeandtable.be\"]}]}<\/script>\n<!-- \/ Yoast SEO plugin. -->","yoast_head_json":{"title":"Zwiesel Glas \u2013 Handmade Enoteca Set 2 Verre Rioja 1 - Home &amp; Table Webshop","description":"Rehaussez votre exp\u00e9rience de d\u00e9gustation avec notre s\u00e9rie Enoteca, con\u00e7ue pour les amateurs de vin et les buveurs occasionnels. Chaque pi\u00e8ce de la s\u00e9rie Enoteca, fabriqu\u00e9e \u00e0 partir de verre souffl\u00e9 \u00e0 la bouche de haute qualit\u00e9, allie durabilit\u00e9 et esth\u00e9tique luxueuse, les rendant parfaites pour une utilisation quotidienne ou des occasions sp\u00e9ciales. Am\u00e9liorez votre verrerie avec Zwiesel 1872 Enoteca, o\u00f9 fonctionnalit\u00e9 rencontre \u00e9l\u00e9gance.","robots":{"index":"index","follow":"follow","max-snippet":"max-snippet:-1","max-image-preview":"max-image-preview:large","max-video-preview":"max-video-preview:-1"},"canonical":"https:\/\/www.meyhui.be\/fr\/produit\/zwiesel-glas-handmade-enoteca-set-2-verre-rioja-1\/","og_locale":"fr_FR","og_type":"article","og_title":"Zwiesel Glas \u2013 Handmade Enoteca Set 2 Verre Rioja 1 - Home &amp; Table Webshop","og_description":"Rehaussez votre exp\u00e9rience de d\u00e9gustation avec notre s\u00e9rie Enoteca, con\u00e7ue pour les amateurs de vin et les buveurs occasionnels. Chaque pi\u00e8ce de la s\u00e9rie Enoteca, fabriqu\u00e9e \u00e0 partir de verre souffl\u00e9 \u00e0 la bouche de haute qualit\u00e9, allie durabilit\u00e9 et esth\u00e9tique luxueuse, les rendant parfaites pour une utilisation quotidienne ou des occasions sp\u00e9ciales. Am\u00e9liorez votre verrerie avec Zwiesel 1872 Enoteca, o\u00f9 fonctionnalit\u00e9 rencontre \u00e9l\u00e9gance.","og_url":"https:\/\/www.meyhui.be\/fr\/produit\/zwiesel-glas-handmade-enoteca-set-2-verre-rioja-1\/","og_site_name":"Home &amp; Table Webshop","article_publisher":"https:\/\/www.facebook.com\/homeandtablebymeyhui","article_modified_time":"2026-01-19T15:37:41+00:00","og_image":[{"width":787,"height":1181,"url":"https:\/\/www.meyhui.be\/wp-content\/uploads\/2024\/12\/2550101000.jpg","type":"image\/jpeg"}],"twitter_card":"summary_large_image","schema":{"@context":"https:\/\/schema.org","@graph":[{"@type":"WebPage","@id":"https:\/\/www.meyhui.be\/fr\/produit\/zwiesel-glas-handmade-enoteca-set-2-verre-rioja-1\/","url":"https:\/\/www.meyhui.be\/fr\/produit\/zwiesel-glas-handmade-enoteca-set-2-verre-rioja-1\/","name":"Zwiesel Glas \u2013 Handmade Enoteca Set 2 Verre Rioja 1 - Home &amp; Table Webshop","isPartOf":{"@id":"https:\/\/www.meyhui.be\/#website"},"primaryImageOfPage":{"@id":"https:\/\/www.meyhui.be\/fr\/produit\/zwiesel-glas-handmade-enoteca-set-2-verre-rioja-1\/#primaryimage"},"image":{"@id":"https:\/\/www.meyhui.be\/fr\/produit\/zwiesel-glas-handmade-enoteca-set-2-verre-rioja-1\/#primaryimage"},"thumbnailUrl":"https:\/\/www.meyhui.be\/wp-content\/uploads\/2024\/12\/2550101000.jpg","datePublished":"2024-05-21T16:00:13+00:00","dateModified":"2026-01-19T15:37:41+00:00","description":"Rehaussez votre exp\u00e9rience de d\u00e9gustation avec notre s\u00e9rie Enoteca, con\u00e7ue pour les amateurs de vin et les buveurs occasionnels. Chaque pi\u00e8ce de la s\u00e9rie Enoteca, fabriqu\u00e9e \u00e0 partir de verre souffl\u00e9 \u00e0 la bouche de haute qualit\u00e9, allie durabilit\u00e9 et esth\u00e9tique luxueuse, les rendant parfaites pour une utilisation quotidienne ou des occasions sp\u00e9ciales. Am\u00e9liorez votre verrerie avec Zwiesel 1872 Enoteca, o\u00f9 fonctionnalit\u00e9 rencontre \u00e9l\u00e9gance.","breadcrumb":{"@id":"https:\/\/www.meyhui.be\/fr\/produit\/zwiesel-glas-handmade-enoteca-set-2-verre-rioja-1\/#breadcrumb"},"inLanguage":"fr-FR","potentialAction":[{"@type":"ReadAction","target":["https:\/\/www.meyhui.be\/fr\/produit\/zwiesel-glas-handmade-enoteca-set-2-verre-rioja-1\/"]}]},{"@type":"ImageObject","inLanguage":"fr-FR","@id":"https:\/\/www.meyhui.be\/fr\/produit\/zwiesel-glas-handmade-enoteca-set-2-verre-rioja-1\/#primaryimage","url":"https:\/\/www.meyhui.be\/wp-content\/uploads\/2024\/12\/2550101000.jpg","contentUrl":"https:\/\/www.meyhui.be\/wp-content\/uploads\/2024\/12\/2550101000.jpg","width":787,"height":1181},{"@type":"BreadcrumbList","@id":"https:\/\/www.meyhui.be\/fr\/produit\/zwiesel-glas-handmade-enoteca-set-2-verre-rioja-1\/#breadcrumb","itemListElement":[{"@type":"ListItem","position":1,"name":"Home","item":"https:\/\/www.meyhui.be\/fr\/"},{"@type":"ListItem","position":2,"name":"Boutique","item":"https:\/\/www.meyhui.be\/fr\/boutique\/"},{"@type":"ListItem","position":3,"name":"Zwiesel Glas \u2013 Handmade Enoteca Set 2 Verre Rioja 1"}]},{"@type":"WebSite","@id":"https:\/\/www.meyhui.be\/#website","url":"https:\/\/www.meyhui.be\/","name":"HOME & TABLE","description":"Le sp\u00e9cialiste de la table, de l'int\u00e9rieur et du cadeau id\u00e9al.","publisher":{"@id":"https:\/\/www.meyhui.be\/#organization"},"potentialAction":[{"@type":"SearchAction","target":{"@type":"EntryPoint","urlTemplate":"https:\/\/www.meyhui.be\/?s={search_term_string}"},"query-input":{"@type":"PropertyValueSpecification","valueRequired":true,"valueName":"search_term_string"}}],"inLanguage":"fr-FR"},{"@type":"Organization","@id":"https:\/\/www.meyhui.be\/#organization","name":"HOME & TABLE","url":"https:\/\/www.meyhui.be\/","logo":{"@type":"ImageObject","inLanguage":"fr-FR","@id":"https:\/\/www.meyhui.be\/#\/schema\/logo\/image\/","url":"https:\/\/www.meyhui.be\/wp-content\/uploads\/2021\/11\/cropped-homeandtable_logo_new.png","contentUrl":"https:\/\/www.meyhui.be\/wp-content\/uploads\/2021\/11\/cropped-homeandtable_logo_new.png","width":512,"height":512,"caption":"HOME & TABLE"},"image":{"@id":"https:\/\/www.meyhui.be\/#\/schema\/logo\/image\/"},"sameAs":["https:\/\/www.facebook.com\/homeandtablebymeyhui","https:\/\/www.instagram.com\/homeandtable.be"]}]}},"jetpack_sharing_enabled":true,"_links":{"self":[{"href":"https:\/\/www.meyhui.be\/fr\/wp-json\/wp\/v2\/product\/24920","targetHints":{"allow":["GET"]}}],"collection":[{"href":"https:\/\/www.meyhui.be\/fr\/wp-json\/wp\/v2\/product"}],"about":[{"href":"https:\/\/www.meyhui.be\/fr\/wp-json\/wp\/v2\/types\/product"}],"replies":[{"embeddable":true,"href":"https:\/\/www.meyhui.be\/fr\/wp-json\/wp\/v2\/comments?post=24920"}],"wp:featuredmedia":[{"embeddable":true,"href":"https:\/\/www.meyhui.be\/fr\/wp-json\/wp\/v2\/media\/36331"}],"wp:attachment":[{"href":"https:\/\/www.meyhui.be\/fr\/wp-json\/wp\/v2\/media?parent=24920"}],"wp:term":[{"taxonomy":"product_brand","embeddable":true,"href":"https:\/\/www.meyhui.be\/fr\/wp-json\/wp\/v2\/product_brand?post=24920"},{"taxonomy":"product_cat","embeddable":true,"href":"https:\/\/www.meyhui.be\/fr\/wp-json\/wp\/v2\/product_cat?post=24920"},{"taxonomy":"product_tag","embeddable":true,"href":"https:\/\/www.meyhui.be\/fr\/wp-json\/wp\/v2\/product_tag?post=24920"}],"curies":[{"name":"wp","href":"https:\/\/api.w.org\/{rel}","templated":true}]}}